{"id":857,"date":"2024-04-10T14:54:13","date_gmt":"2024-04-10T12:54:13","guid":{"rendered":"https:\/\/somedeal.eu\/?page_id=857"},"modified":"2024-12-11T16:54:19","modified_gmt":"2024-12-11T14:54:19","slug":"hamarosan","status":"publish","type":"page","link":"https:\/\/somedeal.eu\/de\/","title":{"rendered":"bald"},"content":{"rendered":"<div data-elementor-type=\"wp-page\" data-elementor-id=\"857\" class=\"elementor elementor-857\" data-elementor-post-type=\"page\">\n\t\t\t\t\t\t<section class=\"elementor-section elementor-top-section elementor-element elementor-element-3848eef elementor-reverse-mobile elementor-section-boxed elementor-section-height-default elementor-section-height-default\" data-id=\"3848eef\" data-element_type=\"section\" data-e-type=\"section\">\n\t\t\t\t\t\t<div class=\"elementor-container elementor-column-gap-default\">\n\t\t\t\t\t<div class=\"elementor-column elementor-col-50 elementor-top-column elementor-element elementor-element-6d450e62\" data-id=\"6d450e62\" data-element_type=\"column\" data-e-type=\"column\">\n\t\t\t<div class=\"elementor-widget-wrap elementor-element-populated\">\n\t\t\t\t\t\t<div class=\"elementor-element elementor-element-a47a0d5 elementor-invisible elementor-widget elementor-widget-heading\" data-id=\"a47a0d5\" data-element_type=\"widget\" data-e-type=\"widget\" data-settings=\"{&quot;_animation&quot;:&quot;fadeInUp&quot;}\" data-widget_type=\"heading.default\">\n\t\t\t\t<div class=\"elementor-widget-container\">\n\t\t\t\t\t<h2 class=\"elementor-heading-title elementor-size-default\">Demn\u00e4chst verf\u00fcgbar...<\/h2>\t\t\t\t<\/div>\n\t\t\t\t<\/div>\n\t\t\t\t<div class=\"elementor-element elementor-element-1498e09e elementor-widget elementor-widget-text-editor\" data-id=\"1498e09e\" data-element_type=\"widget\" data-e-type=\"widget\" data-widget_type=\"text-editor.default\">\n\t\t\t\t<div class=\"elementor-widget-container\">\n\t\t\t\t\t\t\t\t\t<p>Vielen Dank f\u00fcr Ihre Geduld und Ihr Interesse! Um Ihnen noch umfassendere und benutzerfreundlichere Dienste anbieten zu k\u00f6nnen, wird unsere Website derzeit weiterentwickelt. Unser Ziel ist es, Ihnen auf unserer neuen Plattform die M\u00f6glichkeit zu geben, sich einfach \u00fcber unser umfangreiches Bau- und Dienstleistungsportfolio zu informieren, das die neuesten Technologien und L\u00f6sungen vom Elektrobau bis zum Ausbau der Telekommunikationsinfrastruktur umfasst.<\/p>\n<p>Sollten Sie in der Zwischenzeit Fragen haben oder weitere Informationen zu unseren Dienstleistungen ben\u00f6tigen, kontaktieren Sie uns gerne \u00fcber die Kontaktdaten unten auf der Seite. Wir freuen uns, Sie bald auf unserer neuen Website begr\u00fc\u00dfen zu d\u00fcrfen. Entdecken Sie dort unser gesamtes Leistungsspektrum und erfahren Sie, wie wir Sie beim Erreichen Ihrer Ziele unterst\u00fctzen k\u00f6nnen.<\/p>\n<p>Beste gr\u00fc\u00dfe,<br>\nDas Team der SomeDeal Group&nbsp;<\/p>\t\t\t\t\t\t\t\t<\/div>\n\t\t\t\t<\/div>\n\t\t\t\t<div class=\"elementor-element elementor-element-1c62202 elementor-widget elementor-widget-shortcode\" data-id=\"1c62202\" data-element_type=\"widget\" data-e-type=\"widget\" data-widget_type=\"shortcode.default\">\n\t\t\t\t<div class=\"elementor-widget-container\">\n\t\t\t\t\t\t\t<div class=\"elementor-shortcode\"><a href=\"https:\/\/www.dnb.com\/hu-hu\/szolgaltatasok\/tanusitvany.html\" target=\"_blank\"><img decoding=\"async\" src=\"https:\/\/certificate.hungary.dnb.com\/getimage?cid=9581831&lang=hu&typ=l&bg=FFFFFF&fg=000000\" alt=\"Dun &amp; Bradstreet-Zertifikat\" style=\"border:1px solid #CCCCCC\" oncontextmenu=\"return false\" title=\"Das Risiko, Gesch\u00e4fte mit von Dun &amp; Bradstreet zertifizierten Unternehmen zu machen, ist gering. Die Bewertung basiert auf dem Ratingsystem von Dun &amp; Bradstreet, das auf 100 Jahren internationaler Erfahrung beruht und Hunderte von Variablen ber\u00fccksichtigt. Das Zertifikat gibt den aktuellen Status wieder und wird t\u00e4glich aktualisiert.\" \/> <\/a><\/div>\n\t\t\t\t\t\t<\/div>\n\t\t\t\t<\/div>\n\t\t\t\t\t<\/div>\n\t\t<\/div>\n\t\t\t\t<div class=\"elementor-column elementor-col-50 elementor-top-column elementor-element elementor-element-1a3cdccb\" data-id=\"1a3cdccb\" data-element_type=\"column\" data-e-type=\"column\" data-settings=\"{&quot;background_background&quot;:&quot;classic&quot;}\">\n\t\t\t<div class=\"elementor-widget-wrap elementor-element-populated\">\n\t\t\t\t\t<div class=\"elementor-background-overlay\"><\/div>\n\t\t\t\t\t\t<div class=\"elementor-element elementor-element-0716497 elementor-widget elementor-widget-image\" data-id=\"0716497\" data-element_type=\"widget\" data-e-type=\"widget\" data-widget_type=\"image.default\">\n\t\t\t\t<div class=\"elementor-widget-container\">\n\t\t\t\t\t\t\t\t\t\t\t\t\t\t\t<img fetchpriority=\"high\" decoding=\"async\" width=\"421\" height=\"569\" src=\"https:\/\/somedeal.eu\/wp-content\/uploads\/2018\/12\/SomeDeal-logo.png\" class=\"attachment-large size-large wp-image-6\" alt=\"\" srcset=\"https:\/\/somedeal.eu\/wp-content\/uploads\/2018\/12\/SomeDeal-logo.png 421w, https:\/\/somedeal.eu\/wp-content\/uploads\/2018\/12\/SomeDeal-logo-222x300.png 222w\" sizes=\"(max-width: 421px) 100vw, 421px\" \/>\t\t\t\t\t\t\t\t\t\t\t\t\t\t\t<\/div>\n\t\t\t\t<\/div>\n\t\t\t\t\t<\/div>\n\t\t<\/div>\n\t\t\t\t\t<\/div>\n\t\t<\/section>\n\t\t\t\t<\/div>","protected":false},"excerpt":{"rendered":"<p>Demn\u00e4chst verf\u00fcgbar\u2026 Vielen Dank f\u00fcr Ihre Geduld und Ihr Interesse! Unsere Website wird derzeit weiterentwickelt, um Ihnen noch umfassendere und benutzerfreundlichere Services bieten zu k\u00f6nnen. Unser Ziel ist es, Ihnen auf unserer neuen Plattform die \u00dcbersicht \u00fcber unser umfangreiches Portfolio an Bau- und Dienstleistungsdienstleistungen zu erleichtern \u2013 vom Elektrobau bis zum Ausbau der Telekommunikationsinfrastruktur. Sollten Sie in der Zwischenzeit Fragen haben oder weitere Informationen zu unseren Dienstleistungen ben\u00f6tigen, kontaktieren Sie uns gerne.<\/p>","protected":false},"author":3,"featured_media":0,"parent":0,"menu_order":0,"comment_status":"closed","ping_status":"closed","template":"elementor_canvas","meta":{"footnotes":""},"class_list":["post-857","page","type-page","status-publish","hentry"],"_links":{"self":[{"href":"https:\/\/somedeal.eu\/de\/wp-json\/wp\/v2\/pages\/857","targetHints":{"allow":["GET"]}}],"collection":[{"href":"https:\/\/somedeal.eu\/de\/wp-json\/wp\/v2\/pages"}],"about":[{"href":"https:\/\/somedeal.eu\/de\/wp-json\/wp\/v2\/types\/page"}],"author":[{"embeddable":true,"href":"https:\/\/somedeal.eu\/de\/wp-json\/wp\/v2\/users\/3"}],"replies":[{"embeddable":true,"href":"https:\/\/somedeal.eu\/de\/wp-json\/wp\/v2\/comments?post=857"}],"version-history":[{"count":8,"href":"https:\/\/somedeal.eu\/de\/wp-json\/wp\/v2\/pages\/857\/revisions"}],"predecessor-version":[{"id":1624,"href":"https:\/\/somedeal.eu\/de\/wp-json\/wp\/v2\/pages\/857\/revisions\/1624"}],"wp:attachment":[{"href":"https:\/\/somedeal.eu\/de\/wp-json\/wp\/v2\/media?parent=857"}],"curies":[{"name":"wp","href":"https:\/\/api.w.org\/{rel}","templated":true}]}}